{"id":8,"date":"2022-05-26T02:07:38","date_gmt":"2022-05-26T02:07:38","guid":{"rendered":"https:\/\/cspcarmo.pt\/?page_id=8"},"modified":"2022-06-03T00:49:46","modified_gmt":"2022-06-03T00:49:46","slug":"contacto","status":"publish","type":"page","link":"https:\/\/cspcarmo.pt\/?page_id=8","title":{"rendered":"Contactos"},"content":{"rendered":"\n<iframe src=\"https:\/\/www.google.com\/maps\/embed?pb=!1m18!1m12!1m3!1d1679.5929772566444!2d-16.98578333088647!3d32.654495370375436!2m3!1f0!2f0!3f0!3m2!1i1024!2i768!4f13.1!3m3!1m2!1s0xc605f0e9aa02ffd%3A0xe3f2f53e53cbfcf7!2sCentro%20Social%20e%20Paroquial%20do%20Carmo!5e0!3m2!1spt-PT!2spt!4v1654217203431!5m2!1spt-PT!2spt\" width=\"600\" height=\"450\" style=\"border:0;\" allowfullscreen=\"\" loading=\"lazy\" referrerpolicy=\"no-referrer-when-downgrade\"><\/iframe>\n\n\n\n<p><strong>Rua Jo\u00e3o Ricardo Ferreira C\u00e9sar<\/strong><br>C\u00e2mara de Lobos<br>9300-000<br>+ ( 351 ) 291 942 162<br>+ ( 351 ) 925 790 499<br><a href=\"mailto:geral@cspcarmo.pt\">geral@cspcarmo.pt<\/a><\/p>\n\n\n\n<p>O Centro Social Paroquial est\u00e1 localizado num edificio independente, junto \u00e0 igreja do Carmo no Concelho de C\u00e2mara de Lobos, no qual este edificio com 2 andares e arredores, ofere\u00e7e condi\u00e7\u00f5es de excel\u00eancia a todos os utentes e visitantes<\/p>\n\n\n\n<p>Fa\u00e7a-nos uma visita e conhe\u00e7a o nosso centro, todos os dias das 8:30 \u00e0s 18:00.<\/p>\n","protected":false},"excerpt":{"rendered":"<p>Rua Jo\u00e3o Ricardo Ferreira C\u00e9sarC\u00e2mara de Lobos9300-000+ ( 351 ) 291 942 162+ ( 351 ) 925 790 499geral@cspcarmo.pt O Centro Social Paroquial est\u00e1 localizado &hellip;<\/p>\n","protected":false},"author":1,"featured_media":0,"parent":0,"menu_order":0,"comment_status":"closed","ping_status":"closed","template":"","meta":{"footnotes":""},"class_list":["post-8","page","type-page","status-publish","hentry"],"_links":{"self":[{"href":"https:\/\/cspcarmo.pt\/index.php?rest_route=\/wp\/v2\/pages\/8","targetHints":{"allow":["GET"]}}],"collection":[{"href":"https:\/\/cspcarmo.pt\/index.php?rest_route=\/wp\/v2\/pages"}],"about":[{"href":"https:\/\/cspcarmo.pt\/index.php?rest_route=\/wp\/v2\/types\/page"}],"author":[{"embeddable":true,"href":"https:\/\/cspcarmo.pt\/index.php?rest_route=\/wp\/v2\/users\/1"}],"replies":[{"embeddable":true,"href":"https:\/\/cspcarmo.pt\/index.php?rest_route=%2Fwp%2Fv2%2Fcomments&post=8"}],"version-history":[{"count":3,"href":"https:\/\/cspcarmo.pt\/index.php?rest_route=\/wp\/v2\/pages\/8\/revisions"}],"predecessor-version":[{"id":191,"href":"https:\/\/cspcarmo.pt\/index.php?rest_route=\/wp\/v2\/pages\/8\/revisions\/191"}],"wp:attachment":[{"href":"https:\/\/cspcarmo.pt\/index.php?rest_route=%2Fwp%2Fv2%2Fmedia&parent=8"}],"curies":[{"name":"wp","href":"https:\/\/api.w.org\/{rel}","templated":true}]}}