{"id":6,"date":"2022-05-26T02:07:38","date_gmt":"2022-05-26T02:07:38","guid":{"rendered":"https:\/\/cspcarmo.pt\/?page_id=6"},"modified":"2022-06-02T19:34:52","modified_gmt":"2022-06-02T19:34:52","slug":"beautiful-portfolios-for-exceptional-creatives","status":"publish","type":"page","link":"https:\/\/cspcarmo.pt\/","title":{"rendered":"Uma miss\u00e3o solid\u00e1rio com valores religiosos"},"content":{"rendered":"\n<p>Citando as palavras do nosso diretor Pe. Agostinho Bonif\u00e1cio Santos, &#8220;O Centro Social Paroquial do Carmo nasceu em 2000 para responder \u00e0s necessidades de assist\u00eancia aos paroquianos de todas as idades, satisfazendo assim uma das necessidades fudamentais da popula\u00e7\u00e3o&#8221;, desde ent\u00e3o este \u00e9 a miss\u00e3o do centro, com a ajuda e qualifica\u00e7\u00e3o dos nossos colaboradores fazemos sorrir todos os dias os utentes que escolheram o centro para ocupar os seus dias.Baseado nos valores religiosos, a nossa miss\u00e3o \u00e9 criar la\u00e7os humanos atrav\u00e9s da partilha de conhecimentos e da forma\u00e7\u00e3o, valorizando a pessoa humana, em especial as pessoas idosas ou excluidas e \u00e0 margem da sociedade pelas suas diferen\u00e7as.<\/p>\n\n\n\n<p>Estamos abertos para servir toda a comunidade e esperamos que conte conosco e escolha o nosso centro para preencher os seus dias ou de um familiar que poder\u00e1 ocupar o seu dia com outros utentes do centro, partilhando as suas hist\u00f3rias e conhecimentos.<\/p>\n\n\n\n<p>Aguardamos a sua visita e agrade\u00e7emos a sua escolha, estamos prontos para servir a comunidade!<\/p>\n\n\n\n<p><\/p>\n\n\n\n<p class=\"has-text-align-center\"><\/p>\n\n\n\n<div style=\"height:55px\" aria-hidden=\"true\" class=\"wp-block-spacer\"><\/div>\n\n\n\n<div class=\"wp-block-group alignfull has-background\" style=\"background-color:#e5e9ec\"><div class=\"wp-block-group__inner-container is-layout-flow wp-block-group-is-layout-flow\">\n<div class=\"wp-block-columns is-layout-flex wp-container-core-columns-is-layout-9d6595d7 wp-block-columns-is-layout-flex\">\n<div class=\"wp-block-column is-vertically-aligned-center is-layout-flow wp-block-column-is-layout-flow\">\n<h2 class=\"wp-block-heading\">About us<\/h2>\n\n\n\n<p>This is some dummy copy. You\u2019re not really supposed to read this dummy copy, it is just a placeholder for people who need some type to visualize what the actual copy might look like if it were real content.<\/p>\n\n\n\n<div class=\"wp-block-buttons is-horizontal is-content-justification-left is-layout-flex wp-container-core-buttons-is-layout-7e5fce0a wp-block-buttons-is-layout-flex\">\n<div class=\"wp-block-button is-style-outline is-style-outline--1\"><a class=\"wp-block-button__link\" href=\"#\">About Us<\/a><\/div>\n<\/div>\n\n\n\n<p><\/p>\n<\/div>\n\n\n\n<div class=\"wp-block-column is-layout-flow wp-block-column-is-layout-flow\">\n<div style=\"height:48px\" aria-hidden=\"true\" class=\"wp-block-spacer\"><\/div>\n\n\n\n<figure class=\"wp-block-image size-large\"><img decoding=\"async\" src=\"https:\/\/cspcarmo.pt\/wp-content\/themes\/inspiro\/assets\/images\/StockSnap_JKMGVEJMPU.jpg\" alt=\"\" class=\"wp-image-26\"\/><\/figure>\n<\/div>\n<\/div>\n<\/div><\/div>\n\n\n\n<div class=\"wp-block-group alignfull\"><div class=\"wp-block-group__inner-container is-layout-flow wp-block-group-is-layout-flow\">\n<div class=\"wp-block-columns are-vertically-aligned-center is-layout-flex wp-container-core-columns-is-layout-9d6595d7 wp-block-columns-is-layout-flex\">\n<div class=\"wp-block-column is-vertically-aligned-center is-layout-flow wp-block-column-is-layout-flow\">\n<div style=\"height:48px\" aria-hidden=\"true\" class=\"wp-block-spacer\"><\/div>\n\n\n\n<figure class=\"wp-block-image size-large\"><img decoding=\"async\" src=\"https:\/\/cspcarmo.pt\/wp-content\/themes\/inspiro\/assets\/images\/StockSnap_M6D1GS9PSL.jpg\" alt=\"\" class=\"wp-image-27\"\/><\/figure>\n<\/div>\n\n\n\n<div class=\"wp-block-column is-vertically-aligned-center is-layout-flow wp-block-column-is-layout-flow\">\n<h2 class=\"wp-block-heading\">Our Services<\/h2>\n\n\n\n<p>This is some dummy copy. You\u2019re not really supposed to read this dummy copy, it is just a placeholder for people who need some type to visualize what the actual copy might look like if it were real content.<\/p>\n\n\n\n<div class=\"wp-block-buttons is-layout-flex wp-block-buttons-is-layout-flex\">\n<div class=\"wp-block-button is-style-outline is-style-outline--2\"><a class=\"wp-block-button__link\" href=\"#\">Services<\/a><\/div>\n<\/div>\n<\/div>\n<\/div>\n<\/div><\/div>\n\n\n\n<div class=\"wp-block-group alignfull has-black-background-color has-background\"><div class=\"wp-block-group__inner-container is-layout-flow wp-block-group-is-layout-flow\">\n<h2 class=\"has-text-align-center has-white-color has-text-color wp-block-heading\"><strong>Gallery<\/strong><\/h2>\n\n\n\n<figure class=\"wp-block-gallery aligncenter has-nested-images columns-default is-cropped wp-block-gallery-3 is-layout-flex wp-block-gallery-is-layout-flex\">\n<figure class=\"wp-block-image size-large\"><img loading=\"lazy\" decoding=\"async\" width=\"1024\" height=\"768\" data-id=\"64\" src=\"https:\/\/cspcarmo.pt\/wp-content\/uploads\/2022\/05\/6-1024x768.jpg\" alt=\"\" class=\"wp-image-64\" srcset=\"https:\/\/cspcarmo.pt\/wp-content\/uploads\/2022\/05\/6-1024x768.jpg 1024w, https:\/\/cspcarmo.pt\/wp-content\/uploads\/2022\/05\/6-300x225.jpg 300w, https:\/\/cspcarmo.pt\/wp-content\/uploads\/2022\/05\/6-768x576.jpg 768w, https:\/\/cspcarmo.pt\/wp-content\/uploads\/2022\/05\/6-1536x1152.jpg 1536w, https:\/\/cspcarmo.pt\/wp-content\/uploads\/2022\/05\/6-2048x1536.jpg 2048w, https:\/\/cspcarmo.pt\/wp-content\/uploads\/2022\/05\/6-2000x1500.jpg 2000w\" sizes=\"auto, (max-width: 1024px) 100vw, 1024px\" \/><\/figure>\n\n\n\n<figure class=\"wp-block-image size-full\"><img loading=\"lazy\" decoding=\"async\" width=\"960\" height=\"720\" data-id=\"63\" src=\"https:\/\/cspcarmo.pt\/wp-content\/uploads\/2022\/05\/5.jpg\" alt=\"\" class=\"wp-image-63\" srcset=\"https:\/\/cspcarmo.pt\/wp-content\/uploads\/2022\/05\/5.jpg 960w, https:\/\/cspcarmo.pt\/wp-content\/uploads\/2022\/05\/5-300x225.jpg 300w, https:\/\/cspcarmo.pt\/wp-content\/uploads\/2022\/05\/5-768x576.jpg 768w\" sizes=\"auto, (max-width: 960px) 100vw, 960px\" \/><\/figure>\n\n\n\n<figure class=\"wp-block-image size-large\"><img loading=\"lazy\" decoding=\"async\" width=\"1024\" height=\"768\" data-id=\"62\" src=\"https:\/\/cspcarmo.pt\/wp-content\/uploads\/2022\/05\/4-1024x768.jpg\" alt=\"\" class=\"wp-image-62\" srcset=\"https:\/\/cspcarmo.pt\/wp-content\/uploads\/2022\/05\/4-1024x768.jpg 1024w, https:\/\/cspcarmo.pt\/wp-content\/uploads\/2022\/05\/4-300x225.jpg 300w, https:\/\/cspcarmo.pt\/wp-content\/uploads\/2022\/05\/4-768x576.jpg 768w, https:\/\/cspcarmo.pt\/wp-content\/uploads\/2022\/05\/4-1536x1152.jpg 1536w, https:\/\/cspcarmo.pt\/wp-content\/uploads\/2022\/05\/4-2048x1536.jpg 2048w, https:\/\/cspcarmo.pt\/wp-content\/uploads\/2022\/05\/4-2000x1500.jpg 2000w\" sizes=\"auto, (max-width: 1024px) 100vw, 1024px\" \/><\/figure>\n\n\n\n<figure class=\"wp-block-image size-large\"><img loading=\"lazy\" decoding=\"async\" width=\"1024\" height=\"768\" data-id=\"61\" src=\"https:\/\/cspcarmo.pt\/wp-content\/uploads\/2022\/05\/3-1024x768.jpg\" alt=\"\" class=\"wp-image-61\" srcset=\"https:\/\/cspcarmo.pt\/wp-content\/uploads\/2022\/05\/3-1024x768.jpg 1024w, https:\/\/cspcarmo.pt\/wp-content\/uploads\/2022\/05\/3-300x225.jpg 300w, https:\/\/cspcarmo.pt\/wp-content\/uploads\/2022\/05\/3-768x576.jpg 768w, https:\/\/cspcarmo.pt\/wp-content\/uploads\/2022\/05\/3-1536x1152.jpg 1536w, https:\/\/cspcarmo.pt\/wp-content\/uploads\/2022\/05\/3-2048x1536.jpg 2048w, https:\/\/cspcarmo.pt\/wp-content\/uploads\/2022\/05\/3-2000x1500.jpg 2000w\" sizes=\"auto, (max-width: 1024px) 100vw, 1024px\" \/><\/figure>\n\n\n\n<figure class=\"wp-block-image size-full\"><img loading=\"lazy\" decoding=\"async\" width=\"960\" height=\"720\" data-id=\"60\" src=\"https:\/\/cspcarmo.pt\/wp-content\/uploads\/2022\/05\/2.jpg\" alt=\"\" class=\"wp-image-60\" srcset=\"https:\/\/cspcarmo.pt\/wp-content\/uploads\/2022\/05\/2.jpg 960w, https:\/\/cspcarmo.pt\/wp-content\/uploads\/2022\/05\/2-300x225.jpg 300w, https:\/\/cspcarmo.pt\/wp-content\/uploads\/2022\/05\/2-768x576.jpg 768w\" sizes=\"auto, (max-width: 960px) 100vw, 960px\" \/><\/figure>\n\n\n\n<figure class=\"wp-block-image size-full\"><img loading=\"lazy\" decoding=\"async\" width=\"960\" height=\"679\" data-id=\"59\" src=\"https:\/\/cspcarmo.pt\/wp-content\/uploads\/2022\/05\/1.jpg\" alt=\"\" class=\"wp-image-59\" srcset=\"https:\/\/cspcarmo.pt\/wp-content\/uploads\/2022\/05\/1.jpg 960w, https:\/\/cspcarmo.pt\/wp-content\/uploads\/2022\/05\/1-300x212.jpg 300w, https:\/\/cspcarmo.pt\/wp-content\/uploads\/2022\/05\/1-768x543.jpg 768w\" sizes=\"auto, (max-width: 960px) 100vw, 960px\" \/><\/figure>\n<\/figure>\n<\/div><\/div>\n\n\n\n<div class=\"wp-block-cover alignfull is-light has-parallax is-position-center-center\" style=\"background-image:url(https:\/\/cspcarmo.pt\/wp-content\/themes\/inspiro\/assets\/images\/StockSnap_89BQZ89TLH.jpg);min-height:375px;aspect-ratio:unset;\"><span aria-hidden=\"true\" class=\"wp-block-cover__background has-black-background-color has-background-dim-40 has-background-dim\"><\/span><div class=\"wp-block-cover__inner-container is-layout-flow wp-block-cover-is-layout-flow\">\n<p class=\"has-text-align-center has-text-color has-huge-font-size\" style=\"color:#fffffa;line-height:1.1\"><strong>Unleash your creativity with Inspiro<\/strong><\/p>\n\n\n\n<p class=\"has-text-align-center\"><p class=\"has-text-align-center\" style=\"color:#ffffff;\">Lorem ipsum dolor sit amet, consectetur adipiscing elit. Ut elit tellus, luctus nec ullamcorper mattis, pulvinar dapibus leo.<\/p><\/p>\n\n\n\n<div style=\"height:39px\" aria-hidden=\"true\" class=\"wp-block-spacer\"><\/div>\n\n\n\n<div class=\"wp-block-buttons is-horizontal is-content-justification-center is-layout-flex wp-container-core-buttons-is-layout-499968f5 wp-block-buttons-is-layout-flex\">\n<div class=\"wp-block-button is-style-outline is-style-outline--4\"><a class=\"wp-block-button__link has-white-color has-text-color\" href=\"#\">Contact us<\/a><\/div>\n<\/div>\n<\/div><\/div>\n","protected":false},"excerpt":{"rendered":"<p>Citando as palavras do nosso diretor Pe. Agostinho Bonif\u00e1cio Santos, &#8220;O Centro Social Paroquial do Carmo nasceu em 2000 para responder \u00e0s necessidades de assist\u00eancia &hellip;<\/p>\n","protected":false},"author":1,"featured_media":0,"parent":0,"menu_order":0,"comment_status":"closed","ping_status":"closed","template":"","meta":{"footnotes":""},"class_list":["post-6","page","type-page","status-publish","hentry"],"_links":{"self":[{"href":"https:\/\/cspcarmo.pt\/index.php?rest_route=\/wp\/v2\/pages\/6","targetHints":{"allow":["GET"]}}],"collection":[{"href":"https:\/\/cspcarmo.pt\/index.php?rest_route=\/wp\/v2\/pages"}],"about":[{"href":"https:\/\/cspcarmo.pt\/index.php?rest_route=\/wp\/v2\/types\/page"}],"author":[{"embeddable":true,"href":"https:\/\/cspcarmo.pt\/index.php?rest_route=\/wp\/v2\/users\/1"}],"replies":[{"embeddable":true,"href":"https:\/\/cspcarmo.pt\/index.php?rest_route=%2Fwp%2Fv2%2Fcomments&post=6"}],"version-history":[{"count":5,"href":"https:\/\/cspcarmo.pt\/index.php?rest_route=\/wp\/v2\/pages\/6\/revisions"}],"predecessor-version":[{"id":66,"href":"https:\/\/cspcarmo.pt\/index.php?rest_route=\/wp\/v2\/pages\/6\/revisions\/66"}],"wp:attachment":[{"href":"https:\/\/cspcarmo.pt\/index.php?rest_route=%2Fwp%2Fv2%2Fmedia&parent=6"}],"curies":[{"name":"wp","href":"https:\/\/api.w.org\/{rel}","templated":true}]}}